{"id":23,"date":"2023-11-15T16:28:05","date_gmt":"2023-11-15T15:28:05","guid":{"rendered":"https:\/\/cim2a-imagerie.com\/?page_id=23"},"modified":"2023-11-16T14:45:50","modified_gmt":"2023-11-16T13:45:50","slug":"services","status":"publish","type":"page","link":"https:\/\/cim2a-imagerie.com\/index.php\/services\/","title":{"rendered":"Services"},"content":{"rendered":"<p>[et_pb_section fb_built=\u00a0\u00bb1&Prime; theme_builder_area=\u00a0\u00bbpost_content\u00a0\u00bb _builder_version=\u00a0\u00bb4.23.1&Prime; _module_preset=\u00a0\u00bbdefault\u00a0\u00bb custom_padding=\u00a0\u00bb0px||0px||false|false\u00a0\u00bb hover_enabled=\u00a0\u00bb0&Prime; sticky_enabled=\u00a0\u00bb0&Prime;][et_pb_row _builder_version=\u00a0\u00bb4.23.1&Prime; _module_preset=\u00a0\u00bbdefault\u00a0\u00bb theme_builder_area=\u00a0\u00bbpost_content\u00a0\u00bb custom_padding=\u00a0\u00bb||||true|false\u00a0\u00bb hover_enabled=\u00a0\u00bb0&Prime; sticky_enabled=\u00a0\u00bb0&Prime;][et_pb_column _builder_version=\u00a0\u00bb4.23.1&Prime; _module_preset=\u00a0\u00bbdefault\u00a0\u00bb type=\u00a0\u00bb4_4&Prime; theme_builder_area=\u00a0\u00bbpost_content\u00a0\u00bb][et_pb_text _builder_version=\u00a0\u00bb4.23.1&Prime; _module_preset=\u00a0\u00bbdefault\u00a0\u00bb theme_builder_area=\u00a0\u00bbpost_content\u00a0\u00bb text_font=\u00a0\u00bbOpen Sans||||||||\u00a0\u00bb text_font_size=\u00a0\u00bb28px\u00a0\u00bb text_text_color=\u00a0\u00bb#92BA40&Prime; text_orientation=\u00a0\u00bbcenter\u00a0\u00bb hover_enabled=\u00a0\u00bb0&Prime; sticky_enabled=\u00a0\u00bb0&Prime;]<\/p>\n<p>NOS SERVICES<\/p>\n<p>[\/et_pb_text][\/et_pb_column][\/et_pb_row][\/et_pb_section][et_pb_section fb_built=\u00a0\u00bb1&Prime; theme_builder_area=\u00a0\u00bbpost_content\u00a0\u00bb _builder_version=\u00a0\u00bb4.23.1&Prime; _module_preset=\u00a0\u00bbdefault\u00a0\u00bb custom_padding=\u00a0\u00bb0px|||||\u00a0\u00bb][et_pb_row _builder_version=\u00a0\u00bb4.23.1&Prime; _module_preset=\u00a0\u00bbdefault\u00a0\u00bb theme_builder_area=\u00a0\u00bbpost_content\u00a0\u00bb column_structure=\u00a0\u00bb1_3,1_3,1_3&Prime; hover_enabled=\u00a0\u00bb0&Prime; sticky_enabled=\u00a0\u00bb0&Prime;][et_pb_column _builder_version=\u00a0\u00bb4.23.1&Prime; _module_preset=\u00a0\u00bbdefault\u00a0\u00bb type=\u00a0\u00bb1_3&Prime; theme_builder_area=\u00a0\u00bbpost_content\u00a0\u00bb background_enable_color=\u00a0\u00bboff\u00a0\u00bb box_shadow_style=\u00a0\u00bbpreset1&Prime; box_shadow_horizontal=\u00a0\u00bb-5px\u00a0\u00bb box_shadow_vertical=\u00a0\u00bb3px\u00a0\u00bb box_shadow_blur=\u00a0\u00bb14px\u00a0\u00bb box_shadow_spread=\u00a0\u00bb-6px\u00a0\u00bb hover_enabled=\u00a0\u00bb0&Prime; sticky_enabled=\u00a0\u00bb0&Prime;][et_pb_image src=\u00a0\u00bbhttps:\/\/cim2a-imagerie.com\/wp-content\/uploads\/2023\/11\/scanner.webp\u00a0\u00bb _builder_version=\u00a0\u00bb4.23.1&Prime; _module_preset=\u00a0\u00bbdefault\u00a0\u00bb theme_builder_area=\u00a0\u00bbpost_content\u00a0\u00bb title_text=\u00a0\u00bbscanner\u00a0\u00bb hover_enabled=\u00a0\u00bb0&Prime; sticky_enabled=\u00a0\u00bb0&Prime; custom_padding=\u00a0\u00bb||||false|false\u00a0\u00bb][\/et_pb_image][et_pb_text _builder_version=\u00a0\u00bb4.23.1&Prime; _module_preset=\u00a0\u00bbdefault\u00a0\u00bb theme_builder_area=\u00a0\u00bbpost_content\u00a0\u00bb text_font=\u00a0\u00bbArchivo|700|||||||\u00a0\u00bb text_font_size=\u00a0\u00bb20px\u00a0\u00bb text_text_color=\u00a0\u00bb#92BA40&Prime; text_orientation=\u00a0\u00bbcenter\u00a0\u00bb text_letter_spacing=\u00a0\u00bb2px\u00a0\u00bb hover_enabled=\u00a0\u00bb0&Prime; sticky_enabled=\u00a0\u00bb0&Prime; custom_margin=\u00a0\u00bb||12px|||\u00a0\u00bb]<\/p>\n<p>SCANNER<\/p>\n<p>[\/et_pb_text][et_pb_text _builder_version=\u00a0\u00bb4.23.1&Prime; _module_preset=\u00a0\u00bbdefault\u00a0\u00bb theme_builder_area=\u00a0\u00bbpost_content\u00a0\u00bb text_font=\u00a0\u00bbArchivo|200|||||||\u00a0\u00bb text_font_size=\u00a0\u00bb18px\u00a0\u00bb text_text_color=\u00a0\u00bb#577083&Prime; hover_enabled=\u00a0\u00bb0&Prime; sticky_enabled=\u00a0\u00bb0&Prime; custom_padding=\u00a0\u00bb|19px|0px|19px|false|true\u00a0\u00bb custom_margin=\u00a0\u00bb||30px||false|false\u00a0\u00bb]<\/p>\n<p><span>Un scanner\u00a0utilise des combinaisons informatiques de nombreuses mesures de rayons X prises sous des angles diff\u00e9rents pour produire des images en coupe transversale avec reconstruction multi-planaire<\/span><\/p>\n<p>[\/et_pb_text][\/et_pb_column][et_pb_column _builder_version=\u00a0\u00bb4.23.1&Prime; _module_preset=\u00a0\u00bbdefault\u00a0\u00bb type=\u00a0\u00bb1_3&Prime; theme_builder_area=\u00a0\u00bbpost_content\u00a0\u00bb background_enable_color=\u00a0\u00bboff\u00a0\u00bb box_shadow_style=\u00a0\u00bbpreset1&Prime; box_shadow_horizontal=\u00a0\u00bb-5px\u00a0\u00bb box_shadow_vertical=\u00a0\u00bb3px\u00a0\u00bb box_shadow_blur=\u00a0\u00bb14px\u00a0\u00bb box_shadow_spread=\u00a0\u00bb-6px\u00a0\u00bb hover_enabled=\u00a0\u00bb0&Prime; sticky_enabled=\u00a0\u00bb0&Prime;][et_pb_image src=\u00a0\u00bbhttps:\/\/cim2a-imagerie.com\/wp-content\/uploads\/2023\/11\/1.png\u00a0\u00bb _builder_version=\u00a0\u00bb4.23.1&Prime; _module_preset=\u00a0\u00bbdefault\u00a0\u00bb theme_builder_area=\u00a0\u00bbpost_content\u00a0\u00bb title_text=\u00a0\u00bb1&Prime; hover_enabled=\u00a0\u00bb0&Prime; sticky_enabled=\u00a0\u00bb0&Prime; custom_padding=\u00a0\u00bb||||false|false\u00a0\u00bb][\/et_pb_image][et_pb_text _builder_version=\u00a0\u00bb4.23.1&Prime; _module_preset=\u00a0\u00bbdefault\u00a0\u00bb theme_builder_area=\u00a0\u00bbpost_content\u00a0\u00bb text_font=\u00a0\u00bbArchivo|700|||||||\u00a0\u00bb text_font_size=\u00a0\u00bb20px\u00a0\u00bb text_text_color=\u00a0\u00bb#92BA40&Prime; text_orientation=\u00a0\u00bbcenter\u00a0\u00bb text_letter_spacing=\u00a0\u00bb2px\u00a0\u00bb hover_enabled=\u00a0\u00bb0&Prime; sticky_enabled=\u00a0\u00bb0&Prime; custom_margin=\u00a0\u00bb||12px|||\u00a0\u00bb]<\/p>\n<p>ECHOGRAPHIE<\/p>\n<p>[\/et_pb_text][et_pb_text _builder_version=\u00a0\u00bb4.23.1&Prime; _module_preset=\u00a0\u00bbdefault\u00a0\u00bb theme_builder_area=\u00a0\u00bbpost_content\u00a0\u00bb text_font=\u00a0\u00bbArchivo|200|||||||\u00a0\u00bb text_font_size=\u00a0\u00bb18px\u00a0\u00bb text_text_color=\u00a0\u00bb#577083&Prime; hover_enabled=\u00a0\u00bb0&Prime; sticky_enabled=\u00a0\u00bb0&Prime; custom_padding=\u00a0\u00bb|19px|0px|19px|false|true\u00a0\u00bb custom_margin=\u00a0\u00bb||30px||false|false\u00a0\u00bb]<\/p>\n<div id=\"bgLayers_comp-k2y144ed__item2\" data-hook=\"bgLayers\" class=\"MW5IWV\">\n<div id=\"bgMedia_comp-k2y144ed__item2\" class=\"VgO9Yg\">L&rsquo;\u00e9chographie est une technique d&rsquo;imagerie employant les ultrasons. Il permet de visualiser les organes situ\u00e9s au niveau de l&rsquo;abdomen, du pelvis, du cou, mais aussi les vaisseaux(art\u00e8res, veines) et le coeur<\/div>\n<\/div>\n<p>[\/et_pb_text][\/et_pb_column][et_pb_column _builder_version=\u00a0\u00bb4.23.1&Prime; _module_preset=\u00a0\u00bbdefault\u00a0\u00bb type=\u00a0\u00bb1_3&Prime; theme_builder_area=\u00a0\u00bbpost_content\u00a0\u00bb background_enable_color=\u00a0\u00bboff\u00a0\u00bb box_shadow_style=\u00a0\u00bbpreset1&Prime; box_shadow_horizontal=\u00a0\u00bb-5px\u00a0\u00bb box_shadow_vertical=\u00a0\u00bb3px\u00a0\u00bb box_shadow_blur=\u00a0\u00bb14px\u00a0\u00bb box_shadow_spread=\u00a0\u00bb-6px\u00a0\u00bb hover_enabled=\u00a0\u00bb0&Prime; sticky_enabled=\u00a0\u00bb0&Prime;][et_pb_image src=\u00a0\u00bbhttps:\/\/cim2a-imagerie.com\/wp-content\/uploads\/2023\/11\/6.png\u00a0\u00bb _builder_version=\u00a0\u00bb4.23.1&Prime; _module_preset=\u00a0\u00bbdefault\u00a0\u00bb theme_builder_area=\u00a0\u00bbpost_content\u00a0\u00bb title_text=\u00a0\u00bb6&Prime; hover_enabled=\u00a0\u00bb0&Prime; sticky_enabled=\u00a0\u00bb0&Prime; custom_padding=\u00a0\u00bb||||false|false\u00a0\u00bb][\/et_pb_image][et_pb_text _builder_version=\u00a0\u00bb4.23.1&Prime; _module_preset=\u00a0\u00bbdefault\u00a0\u00bb theme_builder_area=\u00a0\u00bbpost_content\u00a0\u00bb text_font=\u00a0\u00bbArchivo|700|||||||\u00a0\u00bb text_font_size=\u00a0\u00bb20px\u00a0\u00bb text_text_color=\u00a0\u00bb#92BA40&Prime; text_orientation=\u00a0\u00bbcenter\u00a0\u00bb text_letter_spacing=\u00a0\u00bb2px\u00a0\u00bb hover_enabled=\u00a0\u00bb0&Prime; sticky_enabled=\u00a0\u00bb0&Prime; custom_margin=\u00a0\u00bb||12px|||\u00a0\u00bb]<\/p>\n<p>RADIOGRAPHIE<\/p>\n<p>[\/et_pb_text][et_pb_text _builder_version=\u00a0\u00bb4.23.1&Prime; _module_preset=\u00a0\u00bbdefault\u00a0\u00bb theme_builder_area=\u00a0\u00bbpost_content\u00a0\u00bb text_font=\u00a0\u00bbArchivo|200|||||||\u00a0\u00bb text_font_size=\u00a0\u00bb18px\u00a0\u00bb text_text_color=\u00a0\u00bb#577083&Prime; hover_enabled=\u00a0\u00bb0&Prime; sticky_enabled=\u00a0\u00bb0&Prime; custom_padding=\u00a0\u00bb|19px|0px|19px|false|true\u00a0\u00bb custom_margin=\u00a0\u00bb||30px||false|false\u00a0\u00bb]<\/p>\n<p><span>La radiographie est une technique d&rsquo;imagerie utilisant des rayons x. Il permet l&rsquo;\u00e9tude du squelette, des articulations, les poumons, la recherche des fractures, arthrose, l\u00e9sions pulmonaires, calculs, occlusions.<\/span><\/p>\n<p>[\/et_pb_text][\/et_pb_column][\/et_pb_row][et_pb_row _builder_version=\u00a0\u00bb4.23.1&Prime; _module_preset=\u00a0\u00bbdefault\u00a0\u00bb theme_builder_area=\u00a0\u00bbpost_content\u00a0\u00bb column_structure=\u00a0\u00bb1_3,1_3,1_3&Prime; hover_enabled=\u00a0\u00bb0&Prime; sticky_enabled=\u00a0\u00bb0&Prime; custom_padding=\u00a0\u00bb6px|||||\u00a0\u00bb][et_pb_column _builder_version=\u00a0\u00bb4.23.1&Prime; _module_preset=\u00a0\u00bbdefault\u00a0\u00bb type=\u00a0\u00bb1_3&Prime; theme_builder_area=\u00a0\u00bbpost_content\u00a0\u00bb background_enable_color=\u00a0\u00bboff\u00a0\u00bb box_shadow_style=\u00a0\u00bbpreset1&Prime; box_shadow_horizontal=\u00a0\u00bb-5px\u00a0\u00bb box_shadow_vertical=\u00a0\u00bb3px\u00a0\u00bb box_shadow_blur=\u00a0\u00bb14px\u00a0\u00bb box_shadow_spread=\u00a0\u00bb-6px\u00a0\u00bb hover_enabled=\u00a0\u00bb0&Prime; sticky_enabled=\u00a0\u00bb0&Prime;][et_pb_image src=\u00a0\u00bbhttps:\/\/cim2a-imagerie.com\/wp-content\/uploads\/2023\/11\/3.png\u00a0\u00bb _builder_version=\u00a0\u00bb4.23.1&Prime; _module_preset=\u00a0\u00bbdefault\u00a0\u00bb theme_builder_area=\u00a0\u00bbpost_content\u00a0\u00bb title_text=\u00a0\u00bb3&Prime; hover_enabled=\u00a0\u00bb0&Prime; sticky_enabled=\u00a0\u00bb0&Prime; custom_padding=\u00a0\u00bb||||false|false\u00a0\u00bb][\/et_pb_image][et_pb_text _builder_version=\u00a0\u00bb4.23.1&Prime; _module_preset=\u00a0\u00bbdefault\u00a0\u00bb theme_builder_area=\u00a0\u00bbpost_content\u00a0\u00bb text_font=\u00a0\u00bbArchivo|700|||||||\u00a0\u00bb text_font_size=\u00a0\u00bb20px\u00a0\u00bb text_text_color=\u00a0\u00bb#92BA40&Prime; text_orientation=\u00a0\u00bbcenter\u00a0\u00bb text_letter_spacing=\u00a0\u00bb2px\u00a0\u00bb hover_enabled=\u00a0\u00bb0&Prime; sticky_enabled=\u00a0\u00bb0&Prime; custom_margin=\u00a0\u00bb||12px|||\u00a0\u00bb]<\/p>\n<p>IMAGERIE DE LA FEMME<\/p>\n<p>[\/et_pb_text][et_pb_text _builder_version=\u00a0\u00bb4.23.1&Prime; _module_preset=\u00a0\u00bbdefault\u00a0\u00bb theme_builder_area=\u00a0\u00bbpost_content\u00a0\u00bb text_font=\u00a0\u00bbArchivo|200|||||||\u00a0\u00bb text_font_size=\u00a0\u00bb18px\u00a0\u00bb text_text_color=\u00a0\u00bb#577083&Prime; hover_enabled=\u00a0\u00bb0&Prime; sticky_enabled=\u00a0\u00bb0&Prime; custom_padding=\u00a0\u00bb|19px|0px|19px|false|true\u00a0\u00bb custom_margin=\u00a0\u00bb||30px||false|false\u00a0\u00bb]<\/p>\n<p><span>Exemple: La mammographie, qui consiste \u00e0 utiliser des rayons X \u00e0 basse \u00e9nergie (g\u00e9n\u00e9ralement autour de 30 kVp) pour examiner le sein humain \u00e0 des fins de diagnostic et de d\u00e9pistage.<\/span><\/p>\n<p>[\/et_pb_text][\/et_pb_column][et_pb_column _builder_version=\u00a0\u00bb4.23.1&Prime; _module_preset=\u00a0\u00bbdefault\u00a0\u00bb type=\u00a0\u00bb1_3&Prime; theme_builder_area=\u00a0\u00bbpost_content\u00a0\u00bb background_enable_color=\u00a0\u00bboff\u00a0\u00bb box_shadow_style=\u00a0\u00bbpreset1&Prime; box_shadow_horizontal=\u00a0\u00bb-5px\u00a0\u00bb box_shadow_vertical=\u00a0\u00bb3px\u00a0\u00bb box_shadow_blur=\u00a0\u00bb14px\u00a0\u00bb box_shadow_spread=\u00a0\u00bb-6px\u00a0\u00bb hover_enabled=\u00a0\u00bb0&Prime; sticky_enabled=\u00a0\u00bb0&Prime;][et_pb_image src=\u00a0\u00bbhttps:\/\/cim2a-imagerie.com\/wp-content\/uploads\/2023\/11\/3.png\u00a0\u00bb _builder_version=\u00a0\u00bb4.23.1&Prime; _module_preset=\u00a0\u00bbdefault\u00a0\u00bb theme_builder_area=\u00a0\u00bbpost_content\u00a0\u00bb title_text=\u00a0\u00bb3&Prime; hover_enabled=\u00a0\u00bb0&Prime; sticky_enabled=\u00a0\u00bb0&Prime; custom_padding=\u00a0\u00bb||||false|false\u00a0\u00bb][\/et_pb_image][et_pb_text _builder_version=\u00a0\u00bb4.23.1&Prime; _module_preset=\u00a0\u00bbdefault\u00a0\u00bb theme_builder_area=\u00a0\u00bbpost_content\u00a0\u00bb text_font=\u00a0\u00bbArchivo|700|||||||\u00a0\u00bb text_font_size=\u00a0\u00bb20px\u00a0\u00bb text_text_color=\u00a0\u00bb#92BA40&Prime; text_orientation=\u00a0\u00bbcenter\u00a0\u00bb text_letter_spacing=\u00a0\u00bb2px\u00a0\u00bb hover_enabled=\u00a0\u00bb0&Prime; sticky_enabled=\u00a0\u00bb0&Prime; custom_margin=\u00a0\u00bb||12px|||\u00a0\u00bb]<\/p>\n<p>IMAGERIE DENTAIRE<\/p>\n<p>[\/et_pb_text][et_pb_text _builder_version=\u00a0\u00bb4.23.1&Prime; _module_preset=\u00a0\u00bbdefault\u00a0\u00bb theme_builder_area=\u00a0\u00bbpost_content\u00a0\u00bb text_font=\u00a0\u00bbArchivo|200|||||||\u00a0\u00bb text_font_size=\u00a0\u00bb18px\u00a0\u00bb text_text_color=\u00a0\u00bb#577083&Prime; hover_enabled=\u00a0\u00bb0&Prime; sticky_enabled=\u00a0\u00bb0&Prime; custom_padding=\u00a0\u00bb|19px|0px|19px|false|true\u00a0\u00bb custom_margin=\u00a0\u00bb||30px||false|false\u00a0\u00bb]<\/p>\n<p><span>Les dentistes l&rsquo;utilise\u00a0pour de nombreuses raisons: recherche de structures dentaires cach\u00e9es, masses malignes ou b\u00e9nignes, perte osseuse et caries.<\/span><\/p>\n<p>[\/et_pb_text][\/et_pb_column][et_pb_column _builder_version=\u00a0\u00bb4.23.1&Prime; _module_preset=\u00a0\u00bbdefault\u00a0\u00bb type=\u00a0\u00bb1_3&Prime; theme_builder_area=\u00a0\u00bbpost_content\u00a0\u00bb background_enable_color=\u00a0\u00bboff\u00a0\u00bb box_shadow_style=\u00a0\u00bbpreset1&Prime; box_shadow_horizontal=\u00a0\u00bb-5px\u00a0\u00bb box_shadow_vertical=\u00a0\u00bb3px\u00a0\u00bb box_shadow_blur=\u00a0\u00bb14px\u00a0\u00bb box_shadow_spread=\u00a0\u00bb-6px\u00a0\u00bb hover_enabled=\u00a0\u00bb0&Prime; sticky_enabled=\u00a0\u00bb0&Prime;][et_pb_image src=\u00a0\u00bbhttps:\/\/cim2a-imagerie.com\/wp-content\/uploads\/2023\/11\/4.png\u00a0\u00bb _builder_version=\u00a0\u00bb4.23.1&Prime; _module_preset=\u00a0\u00bbdefault\u00a0\u00bb theme_builder_area=\u00a0\u00bbpost_content\u00a0\u00bb title_text=\u00a0\u00bb4&Prime; hover_enabled=\u00a0\u00bb0&Prime; sticky_enabled=\u00a0\u00bb0&Prime; custom_padding=\u00a0\u00bb||||false|false\u00a0\u00bb][\/et_pb_image][et_pb_text _builder_version=\u00a0\u00bb4.23.1&Prime; _module_preset=\u00a0\u00bbdefault\u00a0\u00bb theme_builder_area=\u00a0\u00bbpost_content\u00a0\u00bb text_font=\u00a0\u00bbArchivo|700|||||||\u00a0\u00bb text_font_size=\u00a0\u00bb20px\u00a0\u00bb text_text_color=\u00a0\u00bb#92BA40&Prime; text_orientation=\u00a0\u00bbcenter\u00a0\u00bb text_letter_spacing=\u00a0\u00bb2px\u00a0\u00bb hover_enabled=\u00a0\u00bb0&Prime; sticky_enabled=\u00a0\u00bb0&Prime; custom_margin=\u00a0\u00bb||12px|||\u00a0\u00bb]<\/p>\n<p>FLUOROSCOPIE<\/p>\n<p>[\/et_pb_text][et_pb_text _builder_version=\u00a0\u00bb4.23.1&Prime; _module_preset=\u00a0\u00bbdefault\u00a0\u00bb theme_builder_area=\u00a0\u00bbpost_content\u00a0\u00bb text_font=\u00a0\u00bbArchivo|200|||||||\u00a0\u00bb text_font_size=\u00a0\u00bb18px\u00a0\u00bb text_text_color=\u00a0\u00bb#577083&Prime; hover_enabled=\u00a0\u00bb0&Prime; sticky_enabled=\u00a0\u00bb0&Prime; custom_padding=\u00a0\u00bb|19px|0px|19px|false|true\u00a0\u00bb custom_margin=\u00a0\u00bb||30px||false|false\u00a0\u00bb]<\/p>\n<p>La fluoroscopie est une technique d&rsquo;imagerie qui utilise les rayons X pour obtenir des images anim\u00e9es en temps r\u00e9el de l&rsquo;int\u00e9rieur du corps. Elle est utilis\u00e9e\u00a0pour les examens tels que:<\/p>\n<ul>\n<li>L&rsquo;hyst\u00e9rosalpingographie(HSG)<\/li>\n<li>UIV<\/li>\n<li>UCR<\/li>\n<li>Arthroscopie<\/li>\n<\/ul>\n<p>[\/et_pb_text][\/et_pb_column][\/et_pb_row][\/et_pb_section]<\/p>\n","protected":false},"excerpt":{"rendered":"<p>NOS SERVICESSCANNERUn scanner\u00a0utilise des combinaisons informatiques de nombreuses mesures de rayons X prises sous des angles diff\u00e9rents pour produire des images en coupe transversale avec reconstruction multi-planaireECHOGRAPHIE L&rsquo;\u00e9chographie est une technique d&rsquo;imagerie employant les ultrasons. Il permet de visualiser les organes situ\u00e9s au niveau de l&rsquo;abdomen, du pelvis, du cou, mais aussi les vaisseaux(art\u00e8res, veines) [&hellip;]<\/p>\n","protected":false},"author":1,"featured_media":0,"parent":0,"menu_order":0,"comment_status":"closed","ping_status":"closed","template":"","meta":{"_et_pb_use_builder":"on","_et_pb_old_content":"","_et_gb_content_width":"","footnotes":""},"class_list":["post-23","page","type-page","status-publish","hentry"],"_links":{"self":[{"href":"https:\/\/cim2a-imagerie.com\/index.php\/wp-json\/wp\/v2\/pages\/23","targetHints":{"allow":["GET"]}}],"collection":[{"href":"https:\/\/cim2a-imagerie.com\/index.php\/wp-json\/wp\/v2\/pages"}],"about":[{"href":"https:\/\/cim2a-imagerie.com\/index.php\/wp-json\/wp\/v2\/types\/page"}],"author":[{"embeddable":true,"href":"https:\/\/cim2a-imagerie.com\/index.php\/wp-json\/wp\/v2\/users\/1"}],"replies":[{"embeddable":true,"href":"https:\/\/cim2a-imagerie.com\/index.php\/wp-json\/wp\/v2\/comments?post=23"}],"version-history":[{"count":6,"href":"https:\/\/cim2a-imagerie.com\/index.php\/wp-json\/wp\/v2\/pages\/23\/revisions"}],"predecessor-version":[{"id":90,"href":"https:\/\/cim2a-imagerie.com\/index.php\/wp-json\/wp\/v2\/pages\/23\/revisions\/90"}],"wp:attachment":[{"href":"https:\/\/cim2a-imagerie.com\/index.php\/wp-json\/wp\/v2\/media?parent=23"}],"curies":[{"name":"wp","href":"https:\/\/api.w.org\/{rel}","templated":true}]}}